{"id":3768,"date":"2024-03-15T14:37:04","date_gmt":"2024-03-15T13:37:04","guid":{"rendered":"https:\/\/old.azaogames.test\/product\/ancient-secrets\/"},"modified":"2025-05-13T14:35:04","modified_gmt":"2025-05-13T12:35:04","slug":"ancient-secrets","status":"publish","type":"product","link":"https:\/\/azaogames.com\/en\/product\/ancient-secrets\/","title":{"rendered":"Ancient Secrets"},"content":{"rendered":"<p><em>Les clans ont trouv\u00e9 un nouveau foyer sur une \u00eele myst\u00e9rieuse, un endroit o\u00f9 s&#8217;abriter des t\u00e9n\u00e8bres qui cachent le destin de l&#8217;Empire. Mais leur refuge rec\u00e8le d&#8217;anciens secrets, les dangers d&#8217;une terre longtemps oubli\u00e9e, longtemps n\u00e9glig\u00e9e, et maintenant r\u00e9v\u00e9l\u00e9e.<\/em><\/p>\n<p>Dans ce jeu de cartes, vous \u00eates invit\u00e9 \u00e0 rejoindre les Grands Clans, \u00e0 respecter les principes du Bushido et \u00e0 remplir votre devoir envers votre Imp\u00e9ratrice.<br \/>\nPrenez la t\u00eate de votre clan en tant que daimyo et faites tomber vos rivaux, en rivalisant pour le contr\u00f4le militaire et politique de la terre tout en maintenant le code d&#8217;honneur strict de la soci\u00e9t\u00e9.<\/p>\n<p>Ce paquet comprend 202 cartes repr\u00e9sentant les 7 factions principales. Chaque carte est disponible en jeu ou en exemplaire unique (Provinces, Forteresses, Limit\u00e9 \u00e0 1 par paquet).<\/p>\n<p><strong>Emerald Legacy Ancient Secrets n&#8217;est pas un produit autonome et compl\u00e8te une collection plus large de L5R<\/strong>.<\/p>\n<p>Remarque : L&#8217;H\u00e9ritage d&#8217;Emeraude est un collectif de b\u00e9n\u00e9voles \u00e0 but non lucratif g\u00e9r\u00e9 par des fans. Notre mission est de maintenir la L\u00e9gende des Cinq Anneaux LCG en vie et de la faire prosp\u00e9rer. Nous concevons, testons et publions nos propres jeux de cartes tels que ceux que vous tenez entre les mains.<br \/>\n<strong>Les cartes Emerald Legacy sont enti\u00e8rement compatibles avec les cartes classiques du jeu Legend of the Five Rings LCG, ce qui vous donne de nouveaux outils pour jouer de mani\u00e8re inventive.<\/strong><\/p>\n<p>Vous ne payez que l&#8217;impression des co\u00fbts, Emerald Legacy ne gagne pas un seul centime car cela va \u00e0 l&#8217;encontre de notre mission. Nous voulons vous fournir un acc\u00e8s facile \u00e0 nos cartes, \u00e0 des co\u00fbts de production.<\/p>\n<p><strong>Legend of the Five Rings est une marque d\u00e9pos\u00e9e de Fantasy Flight Games. Bien qu&#8217;Emerald Legacy soit con\u00e7u pour \u00eatre compatible avec les cartes de Legend of the Five Rings, il n&#8217;est pas associ\u00e9 \u00e0, produit par, ou approuv\u00e9 par Fantasy Flight Games ou Asmodee.<\/strong><\/p>\n<p><em>Note: Ce jeu n\u2019est pas la propri\u00e9t\u00e9 d\u2019Azao Games. L\u2019\u00e9diteur place son jeu en impression \u00e0 la demande sur le site azaogames.com et en reste l\u2019\u00e9diteur responsable.<\/em><\/p>\n<p>Plus d\u2019info sur le projet: <a href=\"https:\/\/emeraldlegacy.org\" target=\"_blank\" rel=\"noopener\">https:\/\/emeraldlegacy.org<\/a><\/p>\n","protected":false},"excerpt":{"rendered":"<p>Les clans ont trouv\u00e9 un nouveau foyer sur une \u00eele myst\u00e9rieuse, un endroit o\u00f9 s&#8217;abriter des t\u00e9n\u00e8bres qui cachent le destin de l&#8217;Empire. Mais leur refuge rec\u00e8le d&#8217;anciens secrets, les dangers d&#8217;une terre longtemps oubli\u00e9e, longtemps n\u00e9glig\u00e9e, et maintenant r\u00e9v\u00e9l\u00e9e. Dans ce jeu de cartes, vous \u00eates invit\u00e9 \u00e0 rejoindre les Grands Clans, \u00e0 respecter &hellip; <a href=\"https:\/\/azaogames.com\/en\/product\/ancient-secrets\/\">Continued<\/a><\/p>\n","protected":false},"featured_media":5133,"template":"","meta":{"_acf_changed":false},"product_brand":[],"product_cat":[75,76,73],"product_tag":[],"class_list":{"0":"post-3768","1":"product","2":"type-product","3":"status-publish","4":"has-post-thumbnail","6":"product_cat-games","7":"product_cat-on-demand-en","8":"product_cat-s","9":"tm-has-options","11":"first","12":"instock","13":"taxable","14":"shipping-taxable","15":"purchasable","16":"product-type-simple"},"acf":[],"yoast_head":"<!-- This site is optimized with the Yoast SEO plugin v24.9 - https:\/\/yoast.com\/wordpress\/plugins\/seo\/ -->\n<title>Ancient Secrets \u2013 Emerald Legacy expansion pack<\/title>\n<meta name=\"description\" content=\"Unveil hidden strategies with Ancient Secrets. This expansion enriches your Emerald Legacy deck with new cards and deeper gameplay dynamics.\" \/>\n<meta name=\"robots\" content=\"index, follow, max-snippet:-1, max-image-preview:large, max-video-preview:-1\" \/>\n<link rel=\"canonical\" href=\"https:\/\/azaogames.com\/en\/product\/ancient-secrets\/\" \/>\n<meta property=\"og:locale\" content=\"en_US\" \/>\n<meta property=\"og:type\" content=\"article\" \/>\n<meta property=\"og:title\" content=\"Ancient Secrets \u2013 Emerald Legacy expansion pack\" \/>\n<meta property=\"og:description\" content=\"Unveil hidden strategies with Ancient Secrets. This expansion enriches your Emerald Legacy deck with new cards and deeper gameplay dynamics.\" \/>\n<meta property=\"og:url\" content=\"https:\/\/azaogames.com\/en\/product\/ancient-secrets\/\" \/>\n<meta property=\"og:site_name\" content=\"Azaogames.com\" \/>\n<meta property=\"article:publisher\" content=\"https:\/\/www.facebook.com\/AzaoGames\" \/>\n<meta property=\"article:modified_time\" content=\"2025-05-13T12:35:04+00:00\" \/>\n<meta property=\"og:image\" content=\"https:\/\/azaogames.com\/uploads\/AncientSecrets-Etui-3D-logo-OD-1-1.jpg\" \/>\n\t<meta property=\"og:image:width\" content=\"1307\" \/>\n\t<meta property=\"og:image:height\" content=\"1514\" \/>\n\t<meta property=\"og:image:type\" content=\"image\/jpeg\" \/>\n<meta name=\"twitter:card\" content=\"summary_large_image\" \/>\n<meta name=\"twitter:label1\" content=\"Est. reading time\" \/>\n\t<meta name=\"twitter:data1\" content=\"2 minutes\" \/>\n<script type=\"application\/ld+json\" class=\"yoast-schema-graph\">{\"@context\":\"https:\/\/schema.org\",\"@graph\":[{\"@type\":\"WebPage\",\"@id\":\"https:\/\/azaogames.com\/en\/product\/ancient-secrets\/\",\"url\":\"https:\/\/azaogames.com\/en\/product\/ancient-secrets\/\",\"name\":\"Ancient Secrets \u2013 Emerald Legacy expansion pack\",\"isPartOf\":{\"@id\":\"https:\/\/azaogames.com\/#website\"},\"primaryImageOfPage\":{\"@id\":\"https:\/\/azaogames.com\/en\/product\/ancient-secrets\/#primaryimage\"},\"image\":{\"@id\":\"https:\/\/azaogames.com\/en\/product\/ancient-secrets\/#primaryimage\"},\"thumbnailUrl\":\"https:\/\/azaogames.com\/uploads\/AncientSecrets-Etui-3D-logo-OD-1-1.jpg\",\"datePublished\":\"2024-03-15T13:37:04+00:00\",\"dateModified\":\"2025-05-13T12:35:04+00:00\",\"description\":\"Unveil hidden strategies with Ancient Secrets. This expansion enriches your Emerald Legacy deck with new cards and deeper gameplay dynamics.\",\"breadcrumb\":{\"@id\":\"https:\/\/azaogames.com\/en\/product\/ancient-secrets\/#breadcrumb\"},\"inLanguage\":\"en-US\",\"potentialAction\":[{\"@type\":\"ReadAction\",\"target\":[\"https:\/\/azaogames.com\/en\/product\/ancient-secrets\/\"]}]},{\"@type\":\"ImageObject\",\"inLanguage\":\"en-US\",\"@id\":\"https:\/\/azaogames.com\/en\/product\/ancient-secrets\/#primaryimage\",\"url\":\"https:\/\/azaogames.com\/uploads\/AncientSecrets-Etui-3D-logo-OD-1-1.jpg\",\"contentUrl\":\"https:\/\/azaogames.com\/uploads\/AncientSecrets-Etui-3D-logo-OD-1-1.jpg\",\"width\":1307,\"height\":1514,\"caption\":\"Acient secrets \u00e9tui 3D + OD\"},{\"@type\":\"BreadcrumbList\",\"@id\":\"https:\/\/azaogames.com\/en\/product\/ancient-secrets\/#breadcrumb\",\"itemListElement\":[{\"@type\":\"ListItem\",\"position\":1,\"name\":\"Home\",\"item\":\"https:\/\/azaogames.com\/en\/\"},{\"@type\":\"ListItem\",\"position\":2,\"name\":\"Boutique\",\"item\":\"https:\/\/azaogames.com\/en\/shop\/\"},{\"@type\":\"ListItem\",\"position\":3,\"name\":\"Ancient Secrets\"}]},{\"@type\":\"WebSite\",\"@id\":\"https:\/\/azaogames.com\/#website\",\"url\":\"https:\/\/azaogames.com\/\",\"name\":\"Azaogames.com\",\"description\":\"Fabricant de prototypes, \u00e9diteur de jeux et imprimeur\",\"publisher\":{\"@id\":\"https:\/\/azaogames.com\/#organization\"},\"potentialAction\":[{\"@type\":\"SearchAction\",\"target\":{\"@type\":\"EntryPoint\",\"urlTemplate\":\"https:\/\/azaogames.com\/?s={search_term_string}\"},\"query-input\":{\"@type\":\"PropertyValueSpecification\",\"valueRequired\":true,\"valueName\":\"search_term_string\"}}],\"inLanguage\":\"en-US\"},{\"@type\":\"Organization\",\"@id\":\"https:\/\/azaogames.com\/#organization\",\"name\":\"Azaogames.com\",\"url\":\"https:\/\/azaogames.com\/\",\"logo\":{\"@type\":\"ImageObject\",\"inLanguage\":\"en-US\",\"@id\":\"https:\/\/azaogames.com\/#\/schema\/logo\/image\/\",\"url\":\"https:\/\/azaogames.com\/uploads\/logo.svg\",\"contentUrl\":\"https:\/\/azaogames.com\/uploads\/logo.svg\",\"width\":4366,\"height\":1690,\"caption\":\"Azaogames.com\"},\"image\":{\"@id\":\"https:\/\/azaogames.com\/#\/schema\/logo\/image\/\"},\"sameAs\":[\"https:\/\/www.facebook.com\/AzaoGames\",\"https:\/\/www.instagram.com\/azao.games\/\",\"https:\/\/www.linkedin.com\/company\/azao-games\/\",\"https:\/\/www.youtube.com\/@AZAOGAMES\"]}]}<\/script>\n<!-- \/ Yoast SEO plugin. -->","yoast_head_json":{"title":"Ancient Secrets \u2013 Emerald Legacy expansion pack","description":"Unveil hidden strategies with Ancient Secrets. This expansion enriches your Emerald Legacy deck with new cards and deeper gameplay dynamics.","robots":{"index":"index","follow":"follow","max-snippet":"max-snippet:-1","max-image-preview":"max-image-preview:large","max-video-preview":"max-video-preview:-1"},"canonical":"https:\/\/azaogames.com\/en\/product\/ancient-secrets\/","og_locale":"en_US","og_type":"article","og_title":"Ancient Secrets \u2013 Emerald Legacy expansion pack","og_description":"Unveil hidden strategies with Ancient Secrets. This expansion enriches your Emerald Legacy deck with new cards and deeper gameplay dynamics.","og_url":"https:\/\/azaogames.com\/en\/product\/ancient-secrets\/","og_site_name":"Azaogames.com","article_publisher":"https:\/\/www.facebook.com\/AzaoGames","article_modified_time":"2025-05-13T12:35:04+00:00","og_image":[{"width":1307,"height":1514,"url":"https:\/\/azaogames.com\/uploads\/AncientSecrets-Etui-3D-logo-OD-1-1.jpg","type":"image\/jpeg"}],"twitter_card":"summary_large_image","twitter_misc":{"Est. reading time":"2 minutes"},"schema":{"@context":"https:\/\/schema.org","@graph":[{"@type":"WebPage","@id":"https:\/\/azaogames.com\/en\/product\/ancient-secrets\/","url":"https:\/\/azaogames.com\/en\/product\/ancient-secrets\/","name":"Ancient Secrets \u2013 Emerald Legacy expansion pack","isPartOf":{"@id":"https:\/\/azaogames.com\/#website"},"primaryImageOfPage":{"@id":"https:\/\/azaogames.com\/en\/product\/ancient-secrets\/#primaryimage"},"image":{"@id":"https:\/\/azaogames.com\/en\/product\/ancient-secrets\/#primaryimage"},"thumbnailUrl":"https:\/\/azaogames.com\/uploads\/AncientSecrets-Etui-3D-logo-OD-1-1.jpg","datePublished":"2024-03-15T13:37:04+00:00","dateModified":"2025-05-13T12:35:04+00:00","description":"Unveil hidden strategies with Ancient Secrets. This expansion enriches your Emerald Legacy deck with new cards and deeper gameplay dynamics.","breadcrumb":{"@id":"https:\/\/azaogames.com\/en\/product\/ancient-secrets\/#breadcrumb"},"inLanguage":"en-US","potentialAction":[{"@type":"ReadAction","target":["https:\/\/azaogames.com\/en\/product\/ancient-secrets\/"]}]},{"@type":"ImageObject","inLanguage":"en-US","@id":"https:\/\/azaogames.com\/en\/product\/ancient-secrets\/#primaryimage","url":"https:\/\/azaogames.com\/uploads\/AncientSecrets-Etui-3D-logo-OD-1-1.jpg","contentUrl":"https:\/\/azaogames.com\/uploads\/AncientSecrets-Etui-3D-logo-OD-1-1.jpg","width":1307,"height":1514,"caption":"Acient secrets \u00e9tui 3D + OD"},{"@type":"BreadcrumbList","@id":"https:\/\/azaogames.com\/en\/product\/ancient-secrets\/#breadcrumb","itemListElement":[{"@type":"ListItem","position":1,"name":"Home","item":"https:\/\/azaogames.com\/en\/"},{"@type":"ListItem","position":2,"name":"Boutique","item":"https:\/\/azaogames.com\/en\/shop\/"},{"@type":"ListItem","position":3,"name":"Ancient Secrets"}]},{"@type":"WebSite","@id":"https:\/\/azaogames.com\/#website","url":"https:\/\/azaogames.com\/","name":"Azaogames.com","description":"Fabricant de prototypes, \u00e9diteur de jeux et imprimeur","publisher":{"@id":"https:\/\/azaogames.com\/#organization"},"potentialAction":[{"@type":"SearchAction","target":{"@type":"EntryPoint","urlTemplate":"https:\/\/azaogames.com\/?s={search_term_string}"},"query-input":{"@type":"PropertyValueSpecification","valueRequired":true,"valueName":"search_term_string"}}],"inLanguage":"en-US"},{"@type":"Organization","@id":"https:\/\/azaogames.com\/#organization","name":"Azaogames.com","url":"https:\/\/azaogames.com\/","logo":{"@type":"ImageObject","inLanguage":"en-US","@id":"https:\/\/azaogames.com\/#\/schema\/logo\/image\/","url":"https:\/\/azaogames.com\/uploads\/logo.svg","contentUrl":"https:\/\/azaogames.com\/uploads\/logo.svg","width":4366,"height":1690,"caption":"Azaogames.com"},"image":{"@id":"https:\/\/azaogames.com\/#\/schema\/logo\/image\/"},"sameAs":["https:\/\/www.facebook.com\/AzaoGames","https:\/\/www.instagram.com\/azao.games\/","https:\/\/www.linkedin.com\/company\/azao-games\/","https:\/\/www.youtube.com\/@AZAOGAMES"]}]}},"_links":{"self":[{"href":"https:\/\/azaogames.com\/en\/wp-json\/wp\/v2\/product\/3768","targetHints":{"allow":["GET"]}}],"collection":[{"href":"https:\/\/azaogames.com\/en\/wp-json\/wp\/v2\/product"}],"about":[{"href":"https:\/\/azaogames.com\/en\/wp-json\/wp\/v2\/types\/product"}],"wp:featuredmedia":[{"embeddable":true,"href":"https:\/\/azaogames.com\/en\/wp-json\/wp\/v2\/media\/5133"}],"wp:attachment":[{"href":"https:\/\/azaogames.com\/en\/wp-json\/wp\/v2\/media?parent=3768"}],"wp:term":[{"taxonomy":"product_brand","embeddable":true,"href":"https:\/\/azaogames.com\/en\/wp-json\/wp\/v2\/product_brand?post=3768"},{"taxonomy":"product_cat","embeddable":true,"href":"https:\/\/azaogames.com\/en\/wp-json\/wp\/v2\/product_cat?post=3768"},{"taxonomy":"product_tag","embeddable":true,"href":"https:\/\/azaogames.com\/en\/wp-json\/wp\/v2\/product_tag?post=3768"}],"curies":[{"name":"wp","href":"https:\/\/api.w.org\/{rel}","templated":true}]}}