{"id":3009,"date":"2021-06-17T15:37:18","date_gmt":"2021-06-17T13:37:18","guid":{"rendered":"https:\/\/old.azaogames.test\/product\/dragon-ranch\/"},"modified":"2025-05-13T14:07:22","modified_gmt":"2025-05-13T12:07:22","slug":"dragon-ranch","status":"publish","type":"product","link":"https:\/\/azaogames.com\/en\/product\/dragon-ranch\/","title":{"rendered":"Dragon Ranch"},"content":{"rendered":"<p>A l\u2019ouest du pays d\u2019Avgan\u00efr, le gouverneur du Royaume a conserv\u00e9<br \/>\njalousement des essences de cr\u00e9atures d\u00e9sormais \u00e9teintes, les Dragons !<br \/>\nAujourd\u2019hui, il vous a choisi, avec quelques autres \u00e9leveurs de la r\u00e9gion, pour faire rena\u00eetre et prosp\u00e9rer ces \u00eatres de l\u00e9gendes. \u00e0 l\u2019aide de ces essences offertes, d\u00e9fiez vos concurrents pour faire de votre Ranch le plus c\u00e9l\u00e8bre de l\u2019Ouest.<\/p>\n<p>Dans Dragon Ranch, soyez l\u2019\u00e9leveur de Dragons le plus prolifique.<br \/>\nMais pour cela, vous devrez les choyer et les alimenter en suffisance.<\/p>\n<p><span style=\"color: #339966;\"><a style=\"color: #339966;\" href=\"https:\/\/www.trictrac.net\/jeu-de-societe\/dragon-ranch\" target=\"_blank\" rel=\"noopener\">La fiche sur Tric Trac<\/a><\/span><br \/>\n<span style=\"color: #339966;\"><a style=\"color: #339966;\" href=\"http:\/\/ludovox.fr\/jeu-de-societe\/dragon-ranch-2\/\" target=\"_blank\" rel=\"noopener\">La fiche sur LudoVox<\/a><\/span><\/p>\n<p><span style=\"color: #339966;\"><a style=\"color: #339966;\" href=\"https:\/\/rcf.fr\/culture\/dragon-ranch\" target=\"_blank\" rel=\"noopener\">Chronique ludique sur rcf.fr (26\/09\/2018)<\/a><\/span><\/p>\n","protected":false},"excerpt":{"rendered":"<p>A l\u2019ouest du pays d\u2019Avgan\u00efr, le gouverneur du Royaume a conserv\u00e9 jalousement des essences de cr\u00e9atures d\u00e9sormais \u00e9teintes, les Dragons ! Aujourd\u2019hui, il vous a choisi, avec quelques autres \u00e9leveurs de la r\u00e9gion, pour faire rena\u00eetre et prosp\u00e9rer ces \u00eatres de l\u00e9gendes. \u00e0 l\u2019aide de ces essences offertes, d\u00e9fiez vos concurrents pour faire de votre &hellip; <a href=\"https:\/\/azaogames.com\/en\/product\/dragon-ranch\/\">Continued<\/a><\/p>\n","protected":false},"featured_media":4725,"template":"","meta":{"_acf_changed":false},"product_brand":[],"product_cat":[75,1091,34],"product_tag":[],"class_list":{"0":"post-3009","1":"product","2":"type-product","3":"status-publish","4":"has-post-thumbnail","6":"product_cat-games","7":"product_cat-classic-en","8":"product_cat-azaogames-edition","9":"tm-has-options","11":"first","12":"instock","13":"taxable","14":"shipping-taxable","15":"purchasable","16":"product-type-simple"},"acf":[],"yoast_head":"<!-- This site is optimized with the Yoast SEO plugin v24.9 - https:\/\/yoast.com\/wordpress\/plugins\/seo\/ -->\n<title>Dragon Ranch \u2013 Strategic dragon breeding game<\/title>\n<meta name=\"description\" content=\"Raise dragons in a whimsical ranch setting! Combine cards, manage resources, and outscore rivals in this family-friendly strategy game.\" \/>\n<meta name=\"robots\" content=\"index, follow, max-snippet:-1, max-image-preview:large, max-video-preview:-1\" \/>\n<link rel=\"canonical\" href=\"https:\/\/azaogames.com\/en\/product\/dragon-ranch\/\" \/>\n<meta property=\"og:locale\" content=\"en_US\" \/>\n<meta property=\"og:type\" content=\"article\" \/>\n<meta property=\"og:title\" content=\"Dragon Ranch \u2013 Strategic dragon breeding game\" \/>\n<meta property=\"og:description\" content=\"Raise dragons in a whimsical ranch setting! Combine cards, manage resources, and outscore rivals in this family-friendly strategy game.\" \/>\n<meta property=\"og:url\" content=\"https:\/\/azaogames.com\/en\/product\/dragon-ranch\/\" \/>\n<meta property=\"og:site_name\" content=\"Azaogames.com\" \/>\n<meta property=\"article:publisher\" content=\"https:\/\/www.facebook.com\/AzaoGames\" \/>\n<meta property=\"article:modified_time\" content=\"2025-05-13T12:07:22+00:00\" \/>\n<meta property=\"og:image\" content=\"https:\/\/azaogames.com\/uploads\/dragon-ranch-boite-avant-1.jpg\" \/>\n\t<meta property=\"og:image:width\" content=\"666\" \/>\n\t<meta property=\"og:image:height\" content=\"666\" \/>\n\t<meta property=\"og:image:type\" content=\"image\/jpeg\" \/>\n<meta name=\"twitter:card\" content=\"summary_large_image\" \/>\n<meta name=\"twitter:label1\" content=\"Est. reading time\" \/>\n\t<meta name=\"twitter:data1\" content=\"1 minute\" \/>\n<script type=\"application\/ld+json\" class=\"yoast-schema-graph\">{\"@context\":\"https:\/\/schema.org\",\"@graph\":[{\"@type\":\"WebPage\",\"@id\":\"https:\/\/azaogames.com\/en\/product\/dragon-ranch\/\",\"url\":\"https:\/\/azaogames.com\/en\/product\/dragon-ranch\/\",\"name\":\"Dragon Ranch \u2013 Strategic dragon breeding game\",\"isPartOf\":{\"@id\":\"https:\/\/azaogames.com\/#website\"},\"primaryImageOfPage\":{\"@id\":\"https:\/\/azaogames.com\/en\/product\/dragon-ranch\/#primaryimage\"},\"image\":{\"@id\":\"https:\/\/azaogames.com\/en\/product\/dragon-ranch\/#primaryimage\"},\"thumbnailUrl\":\"https:\/\/azaogames.com\/uploads\/dragon-ranch-boite-avant-1.jpg\",\"datePublished\":\"2021-06-17T13:37:18+00:00\",\"dateModified\":\"2025-05-13T12:07:22+00:00\",\"description\":\"Raise dragons in a whimsical ranch setting! Combine cards, manage resources, and outscore rivals in this family-friendly strategy game.\",\"breadcrumb\":{\"@id\":\"https:\/\/azaogames.com\/en\/product\/dragon-ranch\/#breadcrumb\"},\"inLanguage\":\"en-US\",\"potentialAction\":[{\"@type\":\"ReadAction\",\"target\":[\"https:\/\/azaogames.com\/en\/product\/dragon-ranch\/\"]}]},{\"@type\":\"ImageObject\",\"inLanguage\":\"en-US\",\"@id\":\"https:\/\/azaogames.com\/en\/product\/dragon-ranch\/#primaryimage\",\"url\":\"https:\/\/azaogames.com\/uploads\/dragon-ranch-boite-avant-1.jpg\",\"contentUrl\":\"https:\/\/azaogames.com\/uploads\/dragon-ranch-boite-avant-1.jpg\",\"width\":666,\"height\":666,\"caption\":\"Dragon Ranch Bo\u00eete\"},{\"@type\":\"BreadcrumbList\",\"@id\":\"https:\/\/azaogames.com\/en\/product\/dragon-ranch\/#breadcrumb\",\"itemListElement\":[{\"@type\":\"ListItem\",\"position\":1,\"name\":\"Home\",\"item\":\"https:\/\/azaogames.com\/en\/\"},{\"@type\":\"ListItem\",\"position\":2,\"name\":\"Boutique\",\"item\":\"https:\/\/azaogames.com\/en\/shop\/\"},{\"@type\":\"ListItem\",\"position\":3,\"name\":\"Dragon Ranch\"}]},{\"@type\":\"WebSite\",\"@id\":\"https:\/\/azaogames.com\/#website\",\"url\":\"https:\/\/azaogames.com\/\",\"name\":\"Azaogames.com\",\"description\":\"Fabricant de prototypes, \u00e9diteur de jeux et imprimeur\",\"publisher\":{\"@id\":\"https:\/\/azaogames.com\/#organization\"},\"potentialAction\":[{\"@type\":\"SearchAction\",\"target\":{\"@type\":\"EntryPoint\",\"urlTemplate\":\"https:\/\/azaogames.com\/?s={search_term_string}\"},\"query-input\":{\"@type\":\"PropertyValueSpecification\",\"valueRequired\":true,\"valueName\":\"search_term_string\"}}],\"inLanguage\":\"en-US\"},{\"@type\":\"Organization\",\"@id\":\"https:\/\/azaogames.com\/#organization\",\"name\":\"Azaogames.com\",\"url\":\"https:\/\/azaogames.com\/\",\"logo\":{\"@type\":\"ImageObject\",\"inLanguage\":\"en-US\",\"@id\":\"https:\/\/azaogames.com\/#\/schema\/logo\/image\/\",\"url\":\"https:\/\/azaogames.com\/uploads\/logo.svg\",\"contentUrl\":\"https:\/\/azaogames.com\/uploads\/logo.svg\",\"width\":4366,\"height\":1690,\"caption\":\"Azaogames.com\"},\"image\":{\"@id\":\"https:\/\/azaogames.com\/#\/schema\/logo\/image\/\"},\"sameAs\":[\"https:\/\/www.facebook.com\/AzaoGames\",\"https:\/\/www.instagram.com\/azao.games\/\",\"https:\/\/www.linkedin.com\/company\/azao-games\/\",\"https:\/\/www.youtube.com\/@AZAOGAMES\"]}]}<\/script>\n<!-- \/ Yoast SEO plugin. -->","yoast_head_json":{"title":"Dragon Ranch \u2013 Strategic dragon breeding game","description":"Raise dragons in a whimsical ranch setting! Combine cards, manage resources, and outscore rivals in this family-friendly strategy game.","robots":{"index":"index","follow":"follow","max-snippet":"max-snippet:-1","max-image-preview":"max-image-preview:large","max-video-preview":"max-video-preview:-1"},"canonical":"https:\/\/azaogames.com\/en\/product\/dragon-ranch\/","og_locale":"en_US","og_type":"article","og_title":"Dragon Ranch \u2013 Strategic dragon breeding game","og_description":"Raise dragons in a whimsical ranch setting! Combine cards, manage resources, and outscore rivals in this family-friendly strategy game.","og_url":"https:\/\/azaogames.com\/en\/product\/dragon-ranch\/","og_site_name":"Azaogames.com","article_publisher":"https:\/\/www.facebook.com\/AzaoGames","article_modified_time":"2025-05-13T12:07:22+00:00","og_image":[{"width":666,"height":666,"url":"https:\/\/azaogames.com\/uploads\/dragon-ranch-boite-avant-1.jpg","type":"image\/jpeg"}],"twitter_card":"summary_large_image","twitter_misc":{"Est. reading time":"1 minute"},"schema":{"@context":"https:\/\/schema.org","@graph":[{"@type":"WebPage","@id":"https:\/\/azaogames.com\/en\/product\/dragon-ranch\/","url":"https:\/\/azaogames.com\/en\/product\/dragon-ranch\/","name":"Dragon Ranch \u2013 Strategic dragon breeding game","isPartOf":{"@id":"https:\/\/azaogames.com\/#website"},"primaryImageOfPage":{"@id":"https:\/\/azaogames.com\/en\/product\/dragon-ranch\/#primaryimage"},"image":{"@id":"https:\/\/azaogames.com\/en\/product\/dragon-ranch\/#primaryimage"},"thumbnailUrl":"https:\/\/azaogames.com\/uploads\/dragon-ranch-boite-avant-1.jpg","datePublished":"2021-06-17T13:37:18+00:00","dateModified":"2025-05-13T12:07:22+00:00","description":"Raise dragons in a whimsical ranch setting! Combine cards, manage resources, and outscore rivals in this family-friendly strategy game.","breadcrumb":{"@id":"https:\/\/azaogames.com\/en\/product\/dragon-ranch\/#breadcrumb"},"inLanguage":"en-US","potentialAction":[{"@type":"ReadAction","target":["https:\/\/azaogames.com\/en\/product\/dragon-ranch\/"]}]},{"@type":"ImageObject","inLanguage":"en-US","@id":"https:\/\/azaogames.com\/en\/product\/dragon-ranch\/#primaryimage","url":"https:\/\/azaogames.com\/uploads\/dragon-ranch-boite-avant-1.jpg","contentUrl":"https:\/\/azaogames.com\/uploads\/dragon-ranch-boite-avant-1.jpg","width":666,"height":666,"caption":"Dragon Ranch Bo\u00eete"},{"@type":"BreadcrumbList","@id":"https:\/\/azaogames.com\/en\/product\/dragon-ranch\/#breadcrumb","itemListElement":[{"@type":"ListItem","position":1,"name":"Home","item":"https:\/\/azaogames.com\/en\/"},{"@type":"ListItem","position":2,"name":"Boutique","item":"https:\/\/azaogames.com\/en\/shop\/"},{"@type":"ListItem","position":3,"name":"Dragon Ranch"}]},{"@type":"WebSite","@id":"https:\/\/azaogames.com\/#website","url":"https:\/\/azaogames.com\/","name":"Azaogames.com","description":"Fabricant de prototypes, \u00e9diteur de jeux et imprimeur","publisher":{"@id":"https:\/\/azaogames.com\/#organization"},"potentialAction":[{"@type":"SearchAction","target":{"@type":"EntryPoint","urlTemplate":"https:\/\/azaogames.com\/?s={search_term_string}"},"query-input":{"@type":"PropertyValueSpecification","valueRequired":true,"valueName":"search_term_string"}}],"inLanguage":"en-US"},{"@type":"Organization","@id":"https:\/\/azaogames.com\/#organization","name":"Azaogames.com","url":"https:\/\/azaogames.com\/","logo":{"@type":"ImageObject","inLanguage":"en-US","@id":"https:\/\/azaogames.com\/#\/schema\/logo\/image\/","url":"https:\/\/azaogames.com\/uploads\/logo.svg","contentUrl":"https:\/\/azaogames.com\/uploads\/logo.svg","width":4366,"height":1690,"caption":"Azaogames.com"},"image":{"@id":"https:\/\/azaogames.com\/#\/schema\/logo\/image\/"},"sameAs":["https:\/\/www.facebook.com\/AzaoGames","https:\/\/www.instagram.com\/azao.games\/","https:\/\/www.linkedin.com\/company\/azao-games\/","https:\/\/www.youtube.com\/@AZAOGAMES"]}]}},"_links":{"self":[{"href":"https:\/\/azaogames.com\/en\/wp-json\/wp\/v2\/product\/3009","targetHints":{"allow":["GET"]}}],"collection":[{"href":"https:\/\/azaogames.com\/en\/wp-json\/wp\/v2\/product"}],"about":[{"href":"https:\/\/azaogames.com\/en\/wp-json\/wp\/v2\/types\/product"}],"wp:featuredmedia":[{"embeddable":true,"href":"https:\/\/azaogames.com\/en\/wp-json\/wp\/v2\/media\/4725"}],"wp:attachment":[{"href":"https:\/\/azaogames.com\/en\/wp-json\/wp\/v2\/media?parent=3009"}],"wp:term":[{"taxonomy":"product_brand","embeddable":true,"href":"https:\/\/azaogames.com\/en\/wp-json\/wp\/v2\/product_brand?post=3009"},{"taxonomy":"product_cat","embeddable":true,"href":"https:\/\/azaogames.com\/en\/wp-json\/wp\/v2\/product_cat?post=3009"},{"taxonomy":"product_tag","embeddable":true,"href":"https:\/\/azaogames.com\/en\/wp-json\/wp\/v2\/product_tag?post=3009"}],"curies":[{"name":"wp","href":"https:\/\/api.w.org\/{rel}","templated":true}]}}